{"id":1148,"date":"2020-10-23T16:14:20","date_gmt":"2020-10-23T16:14:20","guid":{"rendered":"https:\/\/www.flama.it\/leistungen\/"},"modified":"2023-10-17T15:29:30","modified_gmt":"2023-10-17T15:29:30","slug":"leistungen","status":"publish","type":"page","link":"https:\/\/www.flama.it\/de\/leistungen\/","title":{"rendered":"Leistungen"},"content":{"rendered":"<p><div class=\"fusion-fullwidth fullwidth-box fusion-builder-row-1 sfondo servizi nonhundred-percent-fullwidth non-hundred-percent-height-scrolling\" style=\"background-color: rgba(255,255,255,0);background-position: center top;background-repeat: no-repeat;padding-top:60px;padding-right:0px;padding-bottom:0px;padding-left:0px;margin-bottom: 40px;margin-top: 0px;border-width: 0px 0px 0px 0px;border-color:#e2e2e2;border-style:solid;\" ><div class=\"fusion-builder-row fusion-row\"><div class=\"fusion-layout-column fusion_builder_column fusion-builder-column-0 fusion_builder_column_1_1 1_1 fusion-one-full fusion-column-first fusion-column-last\" style=\"margin-top:0px;margin-bottom:20px;\"><div class=\"fusion-column-wrapper fusion-flex-column-wrapper-legacy\" style=\"background-position:left top;background-repeat:no-repeat;-webkit-background-size:cover;-moz-background-size:cover;-o-background-size:cover;background-size:cover;padding: 0px 2% 0px 2%;\"><div class=\"fusion-column-content-centered\"><div class=\"fusion-column-content\"><style type=\"text\/css\"><\/style><div class=\"fusion-title title fusion-title-1 fusion-sep-none fusion-title-center fusion-title-text fusion-title-size-three\" style=\"font-size:22px;margin-top:0px;margin-right:0px;margin-bottom:0px;margin-left:0px;\"><h3 class=\"title-heading-center\" style=\"margin:0;font-size:1em;\">Vom Projekt zum Produkt \u00fcber die Optimierung des Fertigungsprozesses, der hohe Qualit\u00e4tsstandards sowie eine fortlaufende Senkung der Lieferzeiten gew\u00e4hrleistet<\/h3><\/div><\/div><\/div><div class=\"fusion-clearfix\"><\/div><\/div><\/div><div class=\"fusion-layout-column fusion_builder_column fusion-builder-column-1 fusion_builder_column_1_2 1_2 fusion-one-half fusion-column-first\" style=\"width:50%;width:calc(50% - ( ( 10% ) * 0.5 ) );margin-right: 10%;margin-top:20px;margin-bottom:20px;\"><div class=\"fusion-column-wrapper fusion-flex-column-wrapper-legacy\" style=\"background-position:left top;background-repeat:no-repeat;-webkit-background-size:cover;-moz-background-size:cover;-o-background-size:cover;background-size:cover;padding: 0px 0px 0px 0px;\"><div class=\"fusion-text fusion-text-1\"><p><img decoding=\"async\" class=\"alignleft wp-image-166\" src=\"\/wp-content\/uploads\/2020\/05\/progettazione-icona.png\" alt=\"Progettazione carpenteria metallica a Verona\" width=\"80\" height=\"91\" \/><\/p>\n<\/div><style type=\"text\/css\"><\/style><div class=\"fusion-title title fusion-title-2 fusion-sep-none fusion-title-text fusion-title-size-three\" style=\"font-size:26px;margin-top:0px;margin-right:0px;margin-bottom:10px;margin-left:0px;\"><h3 class=\"title-heading-left\" style=\"margin:0;font-size:1em;\">Konstruktion<\/h3><\/div><div class=\"fusion-text fusion-text-2\"><p>Technisch ausgebildetes Fachpersonal unterst\u00fctzt sie bei der Konstruktion mit 2D- und 3D-CAD-L\u00f6sungen in der Entwicklung Ihrer Produkte und Ideen.<\/p>\n<\/div><div class=\"fusion-clearfix\"><\/div><\/div><\/div><div class=\"fusion-layout-column fusion_builder_column fusion-builder-column-2 fusion_builder_column_1_2 1_2 fusion-one-half fusion-column-last\" style=\"width:50%;width:calc(50% - ( ( 10% ) * 0.5 ) );margin-top:20px;margin-bottom:20px;\"><div class=\"fusion-column-wrapper fusion-flex-column-wrapper-legacy\" style=\"background-position:left top;background-repeat:no-repeat;-webkit-background-size:cover;-moz-background-size:cover;-o-background-size:cover;background-size:cover;padding: 0px 0px 0px 0px;\"><div class=\"fusion-text fusion-text-3\"><p><img decoding=\"async\" class=\"wp-image-929 alignleft\" src=\"https:\/\/www.flama.it\/wp-content\/uploads\/2020\/07\/Logistica-verona.png\" alt=\"Logistica Verona\" width=\"80\" height=\"91\" srcset=\"https:\/\/www.flama.it\/wp-content\/uploads\/2020\/07\/Logistica-verona-200x228.png 200w, https:\/\/www.flama.it\/wp-content\/uploads\/2020\/07\/Logistica-verona-263x300.png 263w, https:\/\/www.flama.it\/wp-content\/uploads\/2020\/07\/Logistica-verona-400x456.png 400w, https:\/\/www.flama.it\/wp-content\/uploads\/2020\/07\/Logistica-verona-600x685.png 600w, https:\/\/www.flama.it\/wp-content\/uploads\/2020\/07\/Logistica-verona.png 645w\" sizes=\"(max-width: 80px) 100vw, 80px\" \/><\/p>\n<\/div><style type=\"text\/css\"><\/style><div class=\"fusion-title title fusion-title-3 fusion-sep-none fusion-title-text fusion-title-size-four\" style=\"font-size:26px;margin-top:0px;margin-right:0px;margin-bottom:10px;margin-left:0px;\"><h4 class=\"title-heading-left\" style=\"margin:0;font-size:1em;\">Logistik<\/h4><\/div><div class=\"fusion-text fusion-text-4\"><p>Der Einsatz eines eigenen Fuhrparks erm\u00f6glicht FLAMA zuverl\u00e4ssige und p\u00fcnktliche Lieferbedingungen gegen\u00fcber seinen Kunden.<\/p>\n<\/div><div class=\"fusion-clearfix\"><\/div><\/div><\/div><\/div><\/div><div class=\"fusion-fullwidth fullwidth-box fusion-builder-row-2 nonhundred-percent-fullwidth non-hundred-percent-height-scrolling\" style=\"background-color: rgba(255,255,255,0);background-position: center center;background-repeat: no-repeat;padding-top:0px;padding-right:0px;padding-bottom:0px;padding-left:0px;margin-bottom: 0px;margin-top: 0px;border-width: 0px 0px 0px 0px;border-color:#e2e2e2;border-style:solid;\" ><div class=\"fusion-builder-row fusion-row\"><div class=\"fusion-layout-column fusion_builder_column fusion-builder-column-3 fusion_builder_column_1_2 1_2 fusion-one-half fusion-column-first\" style=\"width:50%;width:calc(50% - ( ( 4% ) * 0.5 ) );margin-right: 4%;margin-top:0px;margin-bottom:20px;\"><div class=\"fusion-column-wrapper fusion-flex-column-wrapper-legacy\" style=\"background-position:left top;background-repeat:no-repeat;-webkit-background-size:cover;-moz-background-size:cover;-o-background-size:cover;background-size:cover;padding: 0px 0px 0px 0px;\"><span class=\" fusion-imageframe imageframe-none imageframe-1 hover-type-none\"><img decoding=\"async\" width=\"600\" height=\"450\" title=\"servizi-progettazione-flama-verona\" src=\"https:\/\/www.flama.it\/wp-content\/uploads\/2020\/09\/servizi-progettazione-flama-verona.png\" alt class=\"img-responsive wp-image-1152\" srcset=\"https:\/\/www.flama.it\/wp-content\/uploads\/2020\/09\/servizi-progettazione-flama-verona-200x150.png 200w, https:\/\/www.flama.it\/wp-content\/uploads\/2020\/09\/servizi-progettazione-flama-verona-400x300.png 400w, https:\/\/www.flama.it\/wp-content\/uploads\/2020\/09\/servizi-progettazione-flama-verona.png 600w\" sizes=\"(max-width: 800px) 100vw, 600px\" \/><\/span><div class=\"fusion-clearfix\"><\/div><\/div><\/div><div class=\"fusion-layout-column fusion_builder_column fusion-builder-column-4 fusion_builder_column_1_2 1_2 fusion-one-half fusion-column-last\" style=\"width:50%;width:calc(50% - ( ( 4% ) * 0.5 ) );margin-top:0px;margin-bottom:20px;\"><div class=\"fusion-column-wrapper fusion-flex-column-wrapper-legacy\" style=\"background-position:left top;background-repeat:no-repeat;-webkit-background-size:cover;-moz-background-size:cover;-o-background-size:cover;background-size:cover;padding: 0px 0px 0px 0px;\"><span class=\" fusion-imageframe imageframe-none imageframe-2 hover-type-none\"><img decoding=\"async\" width=\"600\" height=\"450\" alt=\"servizi di logistica Flama Verona\" title=\"logistica-flama-verona\" src=\"https:\/\/www.flama.it\/wp-content\/uploads\/2020\/09\/logistica-flama-verona.jpg\" class=\"img-responsive wp-image-1151\" srcset=\"https:\/\/www.flama.it\/wp-content\/uploads\/2020\/09\/logistica-flama-verona-200x150.jpg 200w, https:\/\/www.flama.it\/wp-content\/uploads\/2020\/09\/logistica-flama-verona-400x300.jpg 400w, https:\/\/www.flama.it\/wp-content\/uploads\/2020\/09\/logistica-flama-verona.jpg 600w\" sizes=\"(max-width: 800px) 100vw, 600px\" \/><\/span><div class=\"fusion-clearfix\"><\/div><\/div><\/div><\/div><\/div><div class=\"fusion-fullwidth fullwidth-box fusion-builder-row-3 nonhundred-percent-fullwidth non-hundred-percent-height-scrolling\" style=\"background-color: rgba(255,255,255,0);background-position: center center;background-repeat: no-repeat;padding-top:0px;padding-right:0px;padding-bottom:0px;padding-left:0px;margin-bottom: 0px;margin-top: 60px;border-width: 0px 0px 0px 0px;border-color:#e2e2e2;border-style:solid;\" ><div class=\"fusion-builder-row fusion-row\"><div class=\"fusion-layout-column fusion_builder_column fusion-builder-column-5 fusion_builder_column_1_1 1_1 fusion-one-full fusion-column-first fusion-column-last\" style=\"margin-top:0px;margin-bottom:0px;\"><div class=\"fusion-column-wrapper fusion-flex-column-wrapper-legacy\" style=\"background-position:left top;background-repeat:no-repeat;-webkit-background-size:cover;-moz-background-size:cover;-o-background-size:cover;background-size:cover;padding: 0px 0px 0px 0px;\"><div class=\"fusion-column-content-centered\"><div class=\"fusion-column-content\"><style type=\"text\/css\"><\/style><div class=\"fusion-title title fusion-title-4 fusion-sep-none fusion-title-center fusion-title-text fusion-title-size-two\" style=\"font-size:24px;margin-top:0px;margin-right:0px;margin-bottom:40px;margin-left:0px;\"><h2 class=\"title-heading-center\" style=\"margin:0;font-size:1em;\">KONTAKT<\/h2><\/div><\/div><\/div><div class=\"fusion-clearfix\"><\/div><\/div><\/div><\/div><\/div><div class=\"fusion-fullwidth fullwidth-box fusion-builder-row-4 nonhundred-percent-fullwidth non-hundred-percent-height-scrolling fusion-equal-height-columns\" style=\"background-color: rgba(255,255,255,0);background-position: center center;background-repeat: no-repeat;padding-top:0px;padding-right:0px;padding-bottom:0px;padding-left:0px;margin-bottom: 0px;margin-top: 0px;border-width: 0px 0px 0px 0px;border-color:#e2e2e2;border-style:solid;\" ><div class=\"fusion-builder-row fusion-row\"><div class=\"fusion-layout-column fusion_builder_column fusion-builder-column-6 fusion_builder_column_1_2 1_2 fusion-one-half fusion-column-first\" style=\"width:50%;width:calc(50% - ( ( 4% ) * 0.5 ) );margin-right: 4%;margin-top:0px;margin-bottom:20px;\"><div class=\"fusion-column-wrapper fusion-flex-column-wrapper-legacy\" style=\"background-position:left top;background-repeat:no-repeat;-webkit-background-size:cover;-moz-background-size:cover;-o-background-size:cover;background-size:cover;background-color:#f3f2f5;padding: 0px 0px 0px 0px;\"><div class=\"fusion-text fusion-text-5\"><p><iframe style=\"border: 0;\" tabindex=\"0\" src=\"https:\/\/www.google.com\/maps\/embed?pb=!1m14!1m8!1m3!1d11201.760104036599!2d10.749594!3d45.4206305!3m2!1i1024!2i768!4f13.1!3m3!1m2!1s0x0%3A0xdd3ddb93479745db!2sFlama%20srl!5e0!3m2!1sit!2sit!4v1589213236912!5m2!1sit!2sit\" width=\"100%\" height=\"350\" frameborder=\"0\" allowfullscreen=\"allowfullscreen\" aria-hidden=\"false\"><\/iframe><\/p>\n<\/div><div class=\"fusion-sep-clear\"><\/div><div class=\"fusion-separator fusion-full-width-sep\" style=\"margin-left: auto;margin-right: auto;margin-top:25px;width:100%;\"><\/div><div class=\"fusion-sep-clear\"><\/div><div class=\"fusion-builder-row fusion-builder-row-inner fusion-row\"><div class=\"fusion-layout-column fusion_builder_column_inner fusion-builder-nested-column-0 fusion_builder_column_inner_1_1 1_1 fusion-one-full fusion-column-first fusion-column-last\" style=\"margin-top:0px;margin-bottom:20px;\"><div class=\"fusion-column-wrapper fusion-flex-column-wrapper-legacy\" style=\"background-position:left top;background-repeat:no-repeat;-webkit-background-size:cover;-moz-background-size:cover;-o-background-size:cover;background-size:cover;padding: 5% 5% 5% 5%;\"><style type=\"text\/css\"><\/style><div class=\"fusion-title title fusion-title-5 fusion-sep-none fusion-title-text fusion-title-size-two\" style=\"font-size:20px;margin-top:10px;margin-right:0px;margin-bottom:15px;margin-left:0px;\"><h2 class=\"title-heading-left\" style=\"margin:0;font-size:1em;\">Flama Srl<\/h2><\/div><div class=\"fusion-text fusion-text-6\"><p><i class=\"fas fa-map-marker-alt\"><\/i> Via Martiri di Cefalonia e Corf\u00f9, 15<br \/>\n37014, Castelnuovo del Garda (Verona)<\/p>\n<p><i class=\"fas fa-phone-square-alt\"><\/i> (+39) 045 6450917<\/p>\n<p><i class=\"fas fa-envelope\"><\/i> segreteria@flama.it<br \/>\n<i class=\"fas fa-envelope\"><\/i> Vertrieb: commerciale@flama.it<br \/>\n<i class=\"fas fa-envelope\"><\/i> Datenschutzbeauftragter: dpo-rdp@flama.it<\/p>\n<\/div><div class=\"fusion-clearfix\"><\/div><\/div><\/div><\/div><div class=\"fusion-clearfix\"><\/div><\/div><\/div>\n<div class=\"fusion-layout-column fusion_builder_column fusion-builder-column-7 fusion_builder_column_1_2 1_2 fusion-one-half fusion-column-last\" style=\"width:50%;width:calc(50% - ( ( 4% ) * 0.5 ) );margin-top:0px;margin-bottom:20px;\"><div class=\"fusion-column-wrapper fusion-flex-column-wrapper-legacy\" style=\"background-position:left top;background-repeat:no-repeat;-webkit-background-size:cover;-moz-background-size:cover;-o-background-size:cover;background-size:cover;background-color:#f3f2f5;padding: 5% 5% 5% 5%;\">\n<div class=\"wpcf7 no-js\" id=\"wpcf7-f1327-o1\" lang=\"de-DE\" dir=\"ltr\" data-wpcf7-id=\"1327\">\n<div class=\"screen-reader-response\"><p role=\"status\" aria-live=\"polite\" aria-atomic=\"true\"><\/p> <ul><\/ul><\/div>\n<form action=\"\/de\/wp-json\/wp\/v2\/pages\/1148#wpcf7-f1327-o1\" method=\"post\" class=\"wpcf7-form init\" aria-label=\"Kontaktformular\" novalidate=\"novalidate\" data-status=\"init\">\n<fieldset class=\"hidden-fields-container\"><input type=\"hidden\" name=\"_wpcf7\" value=\"1327\" \/><input type=\"hidden\" name=\"_wpcf7_version\" value=\"6.1.5\" \/><input type=\"hidden\" name=\"_wpcf7_locale\" value=\"de_DE\" \/><input type=\"hidden\" name=\"_wpcf7_unit_tag\" value=\"wpcf7-f1327-o1\" \/><input type=\"hidden\" name=\"_wpcf7_container_post\" value=\"0\" \/><input type=\"hidden\" name=\"_wpcf7_posted_data_hash\" value=\"\" \/><input type=\"hidden\" name=\"_wpcf7_recaptcha_response\" value=\"\" \/>\n<\/fieldset>\n<p><label> Name und Nachname<br \/>\n<span class=\"wpcf7-form-control-wrap\" data-name=\"your-name\"><input size=\"40\" maxlength=\"400\" class=\"wpcf7-form-control wpcf7-text wpcf7-validates-as-required\" aria-required=\"true\" aria-invalid=\"false\" value=\"\" type=\"text\" name=\"your-name\" \/><\/span> <\/label>\n<\/p>\n<p><label> Email<br \/>\n<span class=\"wpcf7-form-control-wrap\" data-name=\"your-email\"><input size=\"40\" maxlength=\"400\" class=\"wpcf7-form-control wpcf7-email wpcf7-validates-as-required wpcf7-text wpcf7-validates-as-email\" aria-required=\"true\" aria-invalid=\"false\" value=\"\" type=\"email\" name=\"your-email\" \/><\/span> <\/label>\n<\/p>\n<p><label> Nachricht<br \/>\n<span class=\"wpcf7-form-control-wrap\" data-name=\"your-message\"><textarea cols=\"40\" rows=\"10\" maxlength=\"2000\" class=\"wpcf7-form-control wpcf7-textarea\" aria-invalid=\"false\" name=\"your-message\"><\/textarea><\/span> <\/label>\n<\/p>\n<p><label><span class=\"wpcf7-form-control-wrap\" data-name=\"acceptance-943\"><span class=\"wpcf7-form-control wpcf7-acceptance optional\"><span class=\"wpcf7-list-item\"><input type=\"checkbox\" name=\"acceptance-943\" value=\"1\" aria-invalid=\"false\" \/><\/span><\/span><\/span> Ich akzeptiere die Bedingungen f\u00fcr den <a href=\"\/de\/privacy\/\" target=\"blank\"> Datenschutz und die Verarbeitung personenbezogener Daten<\/a><\/label>\n<\/p>\n<p><input class=\"wpcf7-form-control wpcf7-submit has-spinner\" type=\"submit\" value=\"Senden\" \/>\n<\/p><div class=\"fusion-alert alert custom alert-custom fusion-alert-center wpcf7-response-output alert-dismissable\" style=\"border-width:1px;\"><button type=\"button\" class=\"close toggle-alert\" data-dismiss=\"alert\" aria-label=\"Close\">&times;<\/button><div class=\"fusion-alert-content-wrapper\"><span class=\"fusion-alert-content\"><\/span><\/div><\/div>\n<\/form>\n<\/div>\n<div class=\"fusion-clearfix\"><\/div><\/div><\/div><\/div><\/div><\/p>\n","protected":false},"excerpt":{"rendered":"","protected":false},"author":1,"featured_media":0,"parent":0,"menu_order":0,"comment_status":"closed","ping_status":"closed","template":"100-width.php","meta":{"footnotes":""},"class_list":["post-1148","page","type-page","status-publish","hentry"],"yoast_head":"<!-- This site is optimized with the Yoast SEO plugin v27.5 - https:\/\/yoast.com\/product\/yoast-seo-wordpress\/ -->\n<title>Flama Dienstleistungen Srl - Verona<\/title>\n<meta name=\"description\" content=\"Zuverl\u00e4ssiger Partner f\u00fcr die Konstruktion und Auftragsfertigung von Kohlenstoffstahl, Edelstahl und Aluminium.\" \/>\n<meta name=\"robots\" content=\"index, follow, max-snippet:-1, max-image-preview:large, max-video-preview:-1\" \/>\n<link rel=\"canonical\" href=\"https:\/\/www.flama.it\/de\/leistungen\/\" \/>\n<meta property=\"og:locale\" content=\"de_DE\" \/>\n<meta property=\"og:type\" content=\"article\" \/>\n<meta property=\"og:title\" content=\"Flama Dienstleistungen Srl - Verona\" \/>\n<meta property=\"og:description\" content=\"Zuverl\u00e4ssiger Partner f\u00fcr die Konstruktion und Auftragsfertigung von Kohlenstoffstahl, Edelstahl und Aluminium.\" \/>\n<meta property=\"og:url\" content=\"https:\/\/www.flama.it\/de\/leistungen\/\" \/>\n<meta property=\"og:site_name\" content=\"Flama Srl\" \/>\n<meta property=\"article:modified_time\" content=\"2023-10-17T15:29:30+00:00\" \/>\n<meta property=\"og:image\" content=\"https:\/\/www.flama.it\/wp-content\/uploads\/2020\/07\/Logistica-verona.png\" \/>\n<meta name=\"twitter:card\" content=\"summary_large_image\" \/>\n<meta name=\"twitter:label1\" content=\"Gesch\u00e4tzte Lesezeit\" \/>\n\t<meta name=\"twitter:data1\" content=\"8\u00a0Minuten\" \/>\n<script type=\"application\/ld+json\" class=\"yoast-schema-graph\">{\"@context\":\"https:\\\/\\\/schema.org\",\"@graph\":[{\"@type\":\"WebPage\",\"@id\":\"https:\\\/\\\/www.flama.it\\\/de\\\/leistungen\\\/\",\"url\":\"https:\\\/\\\/www.flama.it\\\/de\\\/leistungen\\\/\",\"name\":\"Flama Dienstleistungen Srl - Verona\",\"isPartOf\":{\"@id\":\"https:\\\/\\\/www.flama.it\\\/de\\\/#website\"},\"primaryImageOfPage\":{\"@id\":\"https:\\\/\\\/www.flama.it\\\/de\\\/leistungen\\\/#primaryimage\"},\"image\":{\"@id\":\"https:\\\/\\\/www.flama.it\\\/de\\\/leistungen\\\/#primaryimage\"},\"thumbnailUrl\":\"https:\\\/\\\/www.flama.it\\\/wp-content\\\/uploads\\\/2020\\\/07\\\/Logistica-verona.png\",\"datePublished\":\"2020-10-23T16:14:20+00:00\",\"dateModified\":\"2023-10-17T15:29:30+00:00\",\"description\":\"Zuverl\u00e4ssiger Partner f\u00fcr die Konstruktion und Auftragsfertigung von Kohlenstoffstahl, Edelstahl und Aluminium.\",\"breadcrumb\":{\"@id\":\"https:\\\/\\\/www.flama.it\\\/de\\\/leistungen\\\/#breadcrumb\"},\"inLanguage\":\"de\",\"potentialAction\":[{\"@type\":\"ReadAction\",\"target\":[\"https:\\\/\\\/www.flama.it\\\/de\\\/leistungen\\\/\"]}]},{\"@type\":\"ImageObject\",\"inLanguage\":\"de\",\"@id\":\"https:\\\/\\\/www.flama.it\\\/de\\\/leistungen\\\/#primaryimage\",\"url\":\"https:\\\/\\\/www.flama.it\\\/wp-content\\\/uploads\\\/2020\\\/07\\\/Logistica-verona.png\",\"contentUrl\":\"https:\\\/\\\/www.flama.it\\\/wp-content\\\/uploads\\\/2020\\\/07\\\/Logistica-verona.png\"},{\"@type\":\"BreadcrumbList\",\"@id\":\"https:\\\/\\\/www.flama.it\\\/de\\\/leistungen\\\/#breadcrumb\",\"itemListElement\":[{\"@type\":\"ListItem\",\"position\":1,\"name\":\"Home\",\"item\":\"https:\\\/\\\/www.flama.it\\\/de\\\/\"},{\"@type\":\"ListItem\",\"position\":2,\"name\":\"Leistungen\"}]},{\"@type\":\"WebSite\",\"@id\":\"https:\\\/\\\/www.flama.it\\\/de\\\/#website\",\"url\":\"https:\\\/\\\/www.flama.it\\\/de\\\/\",\"name\":\"Flama Srl\",\"description\":\"\",\"potentialAction\":[{\"@type\":\"SearchAction\",\"target\":{\"@type\":\"EntryPoint\",\"urlTemplate\":\"https:\\\/\\\/www.flama.it\\\/de\\\/?s={search_term_string}\"},\"query-input\":{\"@type\":\"PropertyValueSpecification\",\"valueRequired\":true,\"valueName\":\"search_term_string\"}}],\"inLanguage\":\"de\"}]}<\/script>\n<!-- \/ Yoast SEO plugin. -->","yoast_head_json":{"title":"Flama Dienstleistungen Srl - Verona","description":"Zuverl\u00e4ssiger Partner f\u00fcr die Konstruktion und Auftragsfertigung von Kohlenstoffstahl, Edelstahl und Aluminium.","robots":{"index":"index","follow":"follow","max-snippet":"max-snippet:-1","max-image-preview":"max-image-preview:large","max-video-preview":"max-video-preview:-1"},"canonical":"https:\/\/www.flama.it\/de\/leistungen\/","og_locale":"de_DE","og_type":"article","og_title":"Flama Dienstleistungen Srl - Verona","og_description":"Zuverl\u00e4ssiger Partner f\u00fcr die Konstruktion und Auftragsfertigung von Kohlenstoffstahl, Edelstahl und Aluminium.","og_url":"https:\/\/www.flama.it\/de\/leistungen\/","og_site_name":"Flama Srl","article_modified_time":"2023-10-17T15:29:30+00:00","og_image":[{"url":"https:\/\/www.flama.it\/wp-content\/uploads\/2020\/07\/Logistica-verona.png","type":"","width":"","height":""}],"twitter_card":"summary_large_image","twitter_misc":{"Gesch\u00e4tzte Lesezeit":"8\u00a0Minuten"},"schema":{"@context":"https:\/\/schema.org","@graph":[{"@type":"WebPage","@id":"https:\/\/www.flama.it\/de\/leistungen\/","url":"https:\/\/www.flama.it\/de\/leistungen\/","name":"Flama Dienstleistungen Srl - Verona","isPartOf":{"@id":"https:\/\/www.flama.it\/de\/#website"},"primaryImageOfPage":{"@id":"https:\/\/www.flama.it\/de\/leistungen\/#primaryimage"},"image":{"@id":"https:\/\/www.flama.it\/de\/leistungen\/#primaryimage"},"thumbnailUrl":"https:\/\/www.flama.it\/wp-content\/uploads\/2020\/07\/Logistica-verona.png","datePublished":"2020-10-23T16:14:20+00:00","dateModified":"2023-10-17T15:29:30+00:00","description":"Zuverl\u00e4ssiger Partner f\u00fcr die Konstruktion und Auftragsfertigung von Kohlenstoffstahl, Edelstahl und Aluminium.","breadcrumb":{"@id":"https:\/\/www.flama.it\/de\/leistungen\/#breadcrumb"},"inLanguage":"de","potentialAction":[{"@type":"ReadAction","target":["https:\/\/www.flama.it\/de\/leistungen\/"]}]},{"@type":"ImageObject","inLanguage":"de","@id":"https:\/\/www.flama.it\/de\/leistungen\/#primaryimage","url":"https:\/\/www.flama.it\/wp-content\/uploads\/2020\/07\/Logistica-verona.png","contentUrl":"https:\/\/www.flama.it\/wp-content\/uploads\/2020\/07\/Logistica-verona.png"},{"@type":"BreadcrumbList","@id":"https:\/\/www.flama.it\/de\/leistungen\/#breadcrumb","itemListElement":[{"@type":"ListItem","position":1,"name":"Home","item":"https:\/\/www.flama.it\/de\/"},{"@type":"ListItem","position":2,"name":"Leistungen"}]},{"@type":"WebSite","@id":"https:\/\/www.flama.it\/de\/#website","url":"https:\/\/www.flama.it\/de\/","name":"Flama Srl","description":"","potentialAction":[{"@type":"SearchAction","target":{"@type":"EntryPoint","urlTemplate":"https:\/\/www.flama.it\/de\/?s={search_term_string}"},"query-input":{"@type":"PropertyValueSpecification","valueRequired":true,"valueName":"search_term_string"}}],"inLanguage":"de"}]}},"_links":{"self":[{"href":"https:\/\/www.flama.it\/de\/wp-json\/wp\/v2\/pages\/1148","targetHints":{"allow":["GET"]}}],"collection":[{"href":"https:\/\/www.flama.it\/de\/wp-json\/wp\/v2\/pages"}],"about":[{"href":"https:\/\/www.flama.it\/de\/wp-json\/wp\/v2\/types\/page"}],"author":[{"embeddable":true,"href":"https:\/\/www.flama.it\/de\/wp-json\/wp\/v2\/users\/1"}],"replies":[{"embeddable":true,"href":"https:\/\/www.flama.it\/de\/wp-json\/wp\/v2\/comments?post=1148"}],"version-history":[{"count":6,"href":"https:\/\/www.flama.it\/de\/wp-json\/wp\/v2\/pages\/1148\/revisions"}],"predecessor-version":[{"id":1747,"href":"https:\/\/www.flama.it\/de\/wp-json\/wp\/v2\/pages\/1148\/revisions\/1747"}],"wp:attachment":[{"href":"https:\/\/www.flama.it\/de\/wp-json\/wp\/v2\/media?parent=1148"}],"curies":[{"name":"wp","href":"https:\/\/api.w.org\/{rel}","templated":true}]}}